{"id":8,"date":"2018-01-07T17:53:57","date_gmt":"2018-01-07T16:53:57","guid":{"rendered":"http:\/\/wp.jeanangliviel.fr\/?page_id=8"},"modified":"2018-01-20T12:01:06","modified_gmt":"2018-01-20T11:01:06","slug":"a-propos-de","status":"publish","type":"page","link":"https:\/\/wp.jeanangliviel.fr\/","title":{"rendered":"<span id=\"Biographie\"><\/span>"},"content":{"rendered":"<h1><strong>Biographie<\/strong><\/h1>\n<p><b>Jean Angliviel<\/b> a fait ses \u00e9tudes au &#8220;New England Conservatory of Music&#8221; de Boston o\u00f9 il a obtenu un &#8220;Master of music in piano performance&#8221; dans la classe de Gabriel Chodos. Son r\u00e9pertoire s\u2019\u00e9tend de Bach aux contemporains.<\/p>\n<p>Parall\u00e8lement \u00e0 son activit\u00e9 de soliste, il joue r\u00e9guli\u00e8rement en musique de chambre notamment avec Askar Ishangaliyev (int\u00e9grale des sonates de Beethoven pour violoncelle et piano), Paul Boufil et Jean-No\u00ebl Molard (trios de Schubert), Claire Merlet&#8230;<br \/>\nIl a \u00e9t\u00e9 pianiste de l&#8217;ensemble Futurs Musiques, formation d\u00e9di\u00e9e \u00e0 la musique contemporaine, et a particip\u00e9 \u00e0 ce titre \u00e0 de nombreuses cr\u00e9ations contemporaines.<\/p>\n<p>Jean Angliviel accompagne aussi des chanteurs : Allison Cook, Sophie Fournier, Anne-Sophie Ducret&#8230; Avec Sylvie Vucic (soprano) ils forment un duo qui interpr\u00e8te le r\u00e9pertoire classique du lied et des \u0153uvres originales d\u2019Europe centrale, comme les lieder de Dora Pejacevic, compositrice Croate du d\u00e9but du XX\u00e8me si\u00e8cle.<\/p>\n<p>Il a collabor\u00e9 avec plusieurs hommes de th\u00e9\u00e2tre dont Armand Gatti et Paul Barge. Il a con\u00e7u avec ce dernier un spectacle m\u00ealant po\u00e9sie (Paul Celan) et musique (Schumann et Schoenberg).<\/p>\n<p>Il a \u00e9t\u00e9 pendant plusieurs ann\u00e9es Directeur Artistique du Festival des Claviers dans le Poitou.<br \/>\nIl enseigne l\u2019harmonie au piano \u00e0 l\u2019universit\u00e9 Paris VIII et a cr\u00e9\u00e9 l\u2019\u00e9cole de musique Appassionato.<\/p>\n<p>Il se produit en solo et en musique de chambre, en France :<br \/>\n&#8211; Op\u00e9ra National de Lyon, salle Gaveau, salle Cortot, centre d\u2019art et culture de Meudon, cath\u00e9drale de Chartres, Ambassade de Pologne et de Croatie, Th\u00e9atre Adyar, Th\u00e9\u00e2tre de la Friche \u00e0 Marseille<br \/>\n&#8211; Festivals : de Colmar, du Moulin d&#8217;And\u00e9, des Claviers en Poitou, de Champagne Argonne, de Benodet&#8230;<br \/>\n&#8211; Auditoriums : des Halles, St Germain, Claude Debussy \u00e0 Joigny, grand auditorium de Caen&#8230;<\/p>\n<p>et \u00e0 l\u2019\u00e9tranger :<br \/>\n&#8211; Brighton (Brighton Fringe festival) ;<br \/>\n&#8211; Londres (Eglise Saint- James) ;<br \/>\n&#8211; New York (Columbia University, New York University) ;<br \/>\n&#8211; Boston (Jordan Hall, Longy School) ;<br \/>\n&#8211; Bruxelles (Eglise St Marc) ;<br \/>\n&#8211; Rio de Janeiro (Centre Culturel, Banco do Brasil).<br \/>\n&#8211; Croatie (Opatija et Vukovar), dans le cadre du festival &#8220;Rendez-Vous&#8221;<\/p>\n<p>&nbsp;<\/p>\n","protected":false},"excerpt":{"rendered":"<p>Biographie Jean Angliviel a fait ses \u00e9tudes au &#8220;New England Conservatory of Music&#8221; de Boston o\u00f9 il a obtenu un &#8220;Master of music in piano performance&#8221; dans la classe de Gabriel Chodos. Son r\u00e9pertoire s\u2019\u00e9tend de Bach aux contemporains. Parall\u00e8lement \u00e0 son activit\u00e9 de soliste, il joue r\u00e9guli\u00e8rement en musique de chambre notamment avec Askar &hellip; <\/p>\n<p class=\"link-more\"><a href=\"https:\/\/wp.jeanangliviel.fr\/\" class=\"more-link\">Continue reading<span class=\"screen-reader-text\"> &#8220;<span id=\"Biographie\"><\/span>&#8220;<\/span><\/a><\/p>\n","protected":false},"author":1,"featured_media":0,"parent":0,"menu_order":0,"comment_status":"closed","ping_status":"closed","template":"","meta":[],"_links":{"self":[{"href":"https:\/\/wp.jeanangliviel.fr\/index.php\/wp-json\/wp\/v2\/pages\/8"}],"collection":[{"href":"https:\/\/wp.jeanangliviel.fr\/index.php\/wp-json\/wp\/v2\/pages"}],"about":[{"href":"https:\/\/wp.jeanangliviel.fr\/index.php\/wp-json\/wp\/v2\/types\/page"}],"author":[{"embeddable":true,"href":"https:\/\/wp.jeanangliviel.fr\/index.php\/wp-json\/wp\/v2\/users\/1"}],"replies":[{"embeddable":true,"href":"https:\/\/wp.jeanangliviel.fr\/index.php\/wp-json\/wp\/v2\/comments?post=8"}],"version-history":[{"count":9,"href":"https:\/\/wp.jeanangliviel.fr\/index.php\/wp-json\/wp\/v2\/pages\/8\/revisions"}],"predecessor-version":[{"id":101,"href":"https:\/\/wp.jeanangliviel.fr\/index.php\/wp-json\/wp\/v2\/pages\/8\/revisions\/101"}],"wp:attachment":[{"href":"https:\/\/wp.jeanangliviel.fr\/index.php\/wp-json\/wp\/v2\/media?parent=8"}],"curies":[{"name":"wp","href":"https:\/\/api.w.org\/{rel}","templated":true}]}}